{"id":1849,"date":"2024-12-22T17:43:19","date_gmt":"2024-12-22T17:43:19","guid":{"rendered":"https:\/\/almasri.se\/?page_id=1849"},"modified":"2024-12-22T18:59:16","modified_gmt":"2024-12-22T18:59:16","slug":"ticari-hizmetler","status":"publish","type":"page","link":"https:\/\/almasri.se\/ar\/ticari-hizmetler\/","title":{"rendered":"\u0627\u0644\u062e\u062f\u0645\u0627\u062a \u0627\u0644\u062a\u062c\u0627\u0631\u064a\u0629"},"content":{"rendered":"<div data-elementor-type=\"wp-page\" data-elementor-id=\"1849\" class=\"elementor elementor-1849\">\n\t\t\t\t<div class=\"elementor-element elementor-element-c4de5d8 e-flex e-con-boxed e-con e-parent\" data-id=\"c4de5d8\" data-element_type=\"container\" data-settings=\"{&quot;background_background&quot;:&quot;classic&quot;}\">\n\t\t\t\t\t<div class=\"e-con-inner\">\n\t\t<div class=\"elementor-element elementor-element-408aa44 e-con-full e-flex e-con e-child\" data-id=\"408aa44\" data-element_type=\"container\">\n\t\t\t\t<div class=\"elementor-element elementor-element-3108896 elementor-widget elementor-widget-heading\" data-id=\"3108896\" data-element_type=\"widget\" data-widget_type=\"heading.default\">\n\t\t\t\t<div class=\"elementor-widget-container\">\n\t\t\t<style>\/*! elementor - v3.23.0 - 05-08-2024 *\/\n.elementor-heading-title{padding:0;margin:0;line-height:1}.elementor-widget-heading .elementor-heading-title[class*=elementor-size-]>a{color:inherit;font-size:inherit;line-height:inherit}.elementor-widget-heading .elementor-heading-title.elementor-size-small{font-size:15px}.elementor-widget-heading .elementor-heading-title.elementor-size-medium{font-size:19px}.elementor-widget-heading .elementor-heading-title.elementor-size-large{font-size:29px}.elementor-widget-heading .elementor-heading-title.elementor-size-xl{font-size:39px}.elementor-widget-heading .elementor-heading-title.elementor-size-xxl{font-size:59px}<\/style><h1 class=\"elementor-heading-title elementor-size-default\">\u0627\u0644\u062e\u062f\u0645\u0627\u062a \u0627\u0644\u062a\u062c\u0627\u0631\u064a\u0629<\/h1>\t\t<\/div>\n\t\t\t\t<\/div>\n\t\t\t\t<div class=\"elementor-element elementor-element-a360bba elementor-widget-divider--view-line elementor-widget elementor-widget-divider\" data-id=\"a360bba\" data-element_type=\"widget\" data-widget_type=\"divider.default\">\n\t\t\t\t<div class=\"elementor-widget-container\">\n\t\t\t<style>\/*! elementor - v3.23.0 - 05-08-2024 *\/\n.elementor-widget-divider{--divider-border-style:none;--divider-border-width:1px;--divider-color:#0c0d0e;--divider-icon-size:20px;--divider-element-spacing:10px;--divider-pattern-height:24px;--divider-pattern-size:20px;--divider-pattern-url:none;--divider-pattern-repeat:repeat-x}.elementor-widget-divider .elementor-divider{display:flex}.elementor-widget-divider .elementor-divider__text{font-size:15px;line-height:1;max-width:95%}.elementor-widget-divider .elementor-divider__element{margin:0 var(--divider-element-spacing);flex-shrink:0}.elementor-widget-divider .elementor-icon{font-size:var(--divider-icon-size)}.elementor-widget-divider .elementor-divider-separator{display:flex;margin:0;direction:ltr}.elementor-widget-divider--view-line_icon .elementor-divider-separator,.elementor-widget-divider--view-line_text .elementor-divider-separator{align-items:center}.elementor-widget-divider--view-line_icon .elementor-divider-separator:after,.elementor-widget-divider--view-line_icon .elementor-divider-separator:before,.elementor-widget-divider--view-line_text .elementor-divider-separator:after,.elementor-widget-divider--view-line_text .elementor-divider-separator:before{display:block;content:\"\";border-block-end:0;flex-grow:1;border-block-start:var(--divider-border-width) var(--divider-border-style) var(--divider-color)}.elementor-widget-divider--element-align-left .elementor-divider .elementor-divider-separator>.elementor-divider__svg:first-of-type{flex-grow:0;flex-shrink:100}.elementor-widget-divider--element-align-left .elementor-divider-separator:before{content:none}.elementor-widget-divider--element-align-left .elementor-divider__element{margin-left:0}.elementor-widget-divider--element-align-right .elementor-divider .elementor-divider-separator>.elementor-divider__svg:last-of-type{flex-grow:0;flex-shrink:100}.elementor-widget-divider--element-align-right .elementor-divider-separator:after{content:none}.elementor-widget-divider--element-align-right .elementor-divider__element{margin-right:0}.elementor-widget-divider--element-align-start .elementor-divider .elementor-divider-separator>.elementor-divider__svg:first-of-type{flex-grow:0;flex-shrink:100}.elementor-widget-divider--element-align-start .elementor-divider-separator:before{content:none}.elementor-widget-divider--element-align-start .elementor-divider__element{margin-inline-start:0}.elementor-widget-divider--element-align-end .elementor-divider .elementor-divider-separator>.elementor-divider__svg:last-of-type{flex-grow:0;flex-shrink:100}.elementor-widget-divider--element-align-end .elementor-divider-separator:after{content:none}.elementor-widget-divider--element-align-end .elementor-divider__element{margin-inline-end:0}.elementor-widget-divider:not(.elementor-widget-divider--view-line_text):not(.elementor-widget-divider--view-line_icon) .elementor-divider-separator{border-block-start:var(--divider-border-width) var(--divider-border-style) var(--divider-color)}.elementor-widget-divider--separator-type-pattern{--divider-border-style:none}.elementor-widget-divider--separator-type-pattern.elementor-widget-divider--view-line .elementor-divider-separator,.elementor-widget-divider--separator-type-pattern:not(.elementor-widget-divider--view-line) .elementor-divider-separator:after,.elementor-widget-divider--separator-type-pattern:not(.elementor-widget-divider--view-line) .elementor-divider-separator:before,.elementor-widget-divider--separator-type-pattern:not([class*=elementor-widget-divider--view]) .elementor-divider-separator{width:100%;min-height:var(--divider-pattern-height);-webkit-mask-size:var(--divider-pattern-size) 100%;mask-size:var(--divider-pattern-size) 100%;-webkit-mask-repeat:var(--divider-pattern-repeat);mask-repeat:var(--divider-pattern-repeat);background-color:var(--divider-color);-webkit-mask-image:var(--divider-pattern-url);mask-image:var(--divider-pattern-url)}.elementor-widget-divider--no-spacing{--divider-pattern-size:auto}.elementor-widget-divider--bg-round{--divider-pattern-repeat:round}.rtl .elementor-widget-divider .elementor-divider__text{direction:rtl}.e-con-inner>.elementor-widget-divider,.e-con>.elementor-widget-divider{width:var(--container-widget-width,100%);--flex-grow:var(--container-widget-flex-grow)}<\/style>\t\t<div class=\"elementor-divider\">\n\t\t\t<span class=\"elementor-divider-separator\">\n\t\t\t\t\t\t<\/span>\n\t\t<\/div>\n\t\t\t\t<\/div>\n\t\t\t\t<\/div>\n\t\t\t\t<\/div>\n\t\t\t\t\t<\/div>\n\t\t\t\t<\/div>\n\t\t<div class=\"elementor-element elementor-element-655baff e-flex e-con-boxed e-con e-parent\" data-id=\"655baff\" data-element_type=\"container\" data-settings=\"{&quot;background_background&quot;:&quot;classic&quot;}\">\n\t\t\t\t\t<div class=\"e-con-inner\">\n\t\t<div class=\"elementor-element elementor-element-f8ade41 e-con-full e-flex e-con e-child\" data-id=\"f8ade41\" data-element_type=\"container\">\n\t\t<div class=\"elementor-element elementor-element-d2967e9 e-con-full e-flex e-con e-child\" data-id=\"d2967e9\" data-element_type=\"container\">\n\t\t<div class=\"elementor-element elementor-element-3dfb342 e-con-full e-flex e-con e-child\" data-id=\"3dfb342\" data-element_type=\"container\">\n\t\t\t\t<div class=\"elementor-element elementor-element-20a6599 elementor-vertical-align-middle elementor-widget elementor-widget-image-box\" data-id=\"20a6599\" data-element_type=\"widget\" data-widget_type=\"image-box.default\">\n\t\t\t\t<div class=\"elementor-widget-container\">\n\t\t\t<style>\/*! elementor - v3.23.0 - 05-08-2024 *\/\n.elementor-widget-image-box .elementor-image-box-content{width:100%}@media (min-width:768px){.elementor-widget-image-box.elementor-position-left .elementor-image-box-wrapper,.elementor-widget-image-box.elementor-position-right .elementor-image-box-wrapper{display:flex}.elementor-widget-image-box.elementor-position-right .elementor-image-box-wrapper{text-align:end;flex-direction:row-reverse}.elementor-widget-image-box.elementor-position-left .elementor-image-box-wrapper{text-align:start;flex-direction:row}.elementor-widget-image-box.elementor-position-top .elementor-image-box-img{margin:auto}.elementor-widget-image-box.elementor-vertical-align-top .elementor-image-box-wrapper{align-items:flex-start}.elementor-widget-image-box.elementor-vertical-align-middle .elementor-image-box-wrapper{align-items:center}.elementor-widget-image-box.elementor-vertical-align-bottom .elementor-image-box-wrapper{align-items:flex-end}}@media (max-width:767px){.elementor-widget-image-box .elementor-image-box-img{margin-left:auto!important;margin-right:auto!important;margin-bottom:15px}}.elementor-widget-image-box .elementor-image-box-img{display:inline-block}.elementor-widget-image-box .elementor-image-box-title a{color:inherit}.elementor-widget-image-box .elementor-image-box-wrapper{text-align:center}.elementor-widget-image-box .elementor-image-box-description{margin:0}<\/style><div class=\"elementor-image-box-wrapper\"><div class=\"elementor-image-box-content\"><h3 class=\"elementor-image-box-title\">\u0627\u0644\u062a\u0648\u0627\u0635\u0644 \u0645\u0639 \u0627\u0644\u0645\u0635\u0627\u0646\u0639 \u0648\u0627\u0644\u0634\u0631\u0643\u0627\u062a<\/h3><p class=\"elementor-image-box-description\"><br>\n\u0628\u0641\u0636\u0644 \u0634\u0631\u0627\u0643\u0627\u062a\u0646\u0627 \u0627\u0644\u0642\u0648\u064a\u0629 \u0627\u0644\u062a\u064a \u0628\u0646\u064a\u0646\u0627\u0647\u0627 \u0639\u0644\u0649 \u0645\u062f\u0627\u0631 \u0633\u0646\u0648\u0627\u062a \u0639\u062f\u064a\u062f\u0629 \u0645\u0639 \u0627\u0644\u0639\u062f\u064a\u062f \u0645\u0646 \u0627\u0644\u0642\u0637\u0627\u0639\u0627\u062a\u060c \u0646\u0648\u0641\u0631 \u0644\u0643 \u0641\u0631\u0635\u0629 \u0644\u0644\u062a\u0648\u0627\u0635\u0644 \u0645\u0639 \u0623\u0641\u0636\u0644 \u0627\u0644\u0634\u0631\u0643\u0627\u062a \u0641\u064a \u0645\u062c\u0627\u0644\u0643. \u0633\u0648\u0627\u0621 \u0643\u0646\u062a \u062a\u0628\u062d\u062b \u0639\u0646 \u0645\u0646\u062a\u062c\u0627\u062a \u062a\u062c\u0645\u064a\u0644\u060c \u0645\u0646\u0633\u0648\u062c\u0627\u062a\u060c \u0628\u0644\u0627\u0633\u062a\u064a\u0643\u060c \u0623\u063a\u0630\u064a\u0629\u060c \u0623\u0648 \u0623\u064a \u0645\u062c\u0627\u0644 \u0622\u062e\u0631\u060c \u0646\u0636\u0645\u0646 \u0644\u0643 \u0627\u0644\u062a\u0639\u0627\u0645\u0644 \u0645\u0639 \u0645\u0635\u0627\u0646\u0639 \u0645\u0648\u062b\u0648\u0642\u0629 \u0648\u0639\u0627\u0644\u064a\u0629 \u0627\u0644\u062c\u0648\u062f\u0629. \u0628\u0647\u0630\u0627 \u0627\u0644\u0634\u0643\u0644\u060c \u064a\u0645\u0643\u0646\u0643 \u0627\u0644\u062d\u0635\u0648\u0644 \u0639\u0644\u0649 \u0645\u0646\u062a\u062c\u0627\u062a\u0643 \u0628\u0623\u0641\u0636\u0644 \u0627\u0644\u0623\u0633\u0639\u0627\u0631 \u0648\u0627\u062a\u062e\u0627\u0630 \u0627\u0644\u062e\u0637\u0648\u0627\u062a \u0627\u0644\u0635\u062d\u064a\u062d\u0629 \u0644\u062a\u0637\u0648\u064a\u0631 \u0639\u0645\u0644\u0643. \u0645\u0646 \u062e\u0644\u0627\u0644 \u0627\u0644\u0639\u0645\u0644 \u0645\u0639\u0646\u0627\u060c \u064a\u0645\u0643\u0646\u0643 \u0627\u0644\u0648\u0635\u0648\u0644 \u0628\u0633\u0647\u0648\u0644\u0629 \u0625\u0644\u0649 \u0623\u0641\u0636\u0644 \u0627\u0644\u0645\u0648\u0631\u062f\u064a\u0646 \u0641\u064a \u0627\u0644\u0633\u0648\u0642!<\/p><\/div><\/div>\t\t<\/div>\n\t\t\t\t<\/div>\n\t\t\t\t<\/div>\n\t\t<div class=\"elementor-element elementor-element-5163329 e-con-full e-flex e-con e-child\" data-id=\"5163329\" data-element_type=\"container\">\n\t\t\t\t<div class=\"elementor-element elementor-element-0f46fcf elementor-widget elementor-widget-image\" data-id=\"0f46fcf\" data-element_type=\"widget\" data-widget_type=\"image.default\">\n\t\t\t\t<div class=\"elementor-widget-container\">\n\t\t\t<style>\/*! elementor - v3.23.0 - 05-08-2024 *\/\n.elementor-widget-image{text-align:center}.elementor-widget-image a{display:inline-block}.elementor-widget-image a img[src$=\".svg\"]{width:48px}.elementor-widget-image img{vertical-align:middle;display:inline-block}<\/style>\t\t\t\t\t\t\t\t\t\t<img fetchpriority=\"high\" decoding=\"async\" width=\"1920\" height=\"1080\" src=\"https:\/\/almasri.se\/wp-content\/uploads\/2024\/12\/Namnlos-design-44.png\" class=\"attachment-full size-full wp-image-1859\" alt=\"\" srcset=\"https:\/\/almasri.se\/wp-content\/uploads\/2024\/12\/Namnlos-design-44.png 1920w, https:\/\/almasri.se\/wp-content\/uploads\/2024\/12\/Namnlos-design-44-300x169.png 300w, https:\/\/almasri.se\/wp-content\/uploads\/2024\/12\/Namnlos-design-44-1024x576.png 1024w, https:\/\/almasri.se\/wp-content\/uploads\/2024\/12\/Namnlos-design-44-768x432.png 768w, https:\/\/almasri.se\/wp-content\/uploads\/2024\/12\/Namnlos-design-44-1536x864.png 1536w, https:\/\/almasri.se\/wp-content\/uploads\/2024\/12\/Namnlos-design-44-18x10.png 18w\" sizes=\"(max-width: 1920px) 100vw, 1920px\" \/>\t\t\t\t\t\t\t\t\t\t\t\t\t<\/div>\n\t\t\t\t<\/div>\n\t\t\t\t<\/div>\n\t\t\t\t<\/div>\n\t\t<div class=\"elementor-element elementor-element-e1f05d7 e-con-full e-flex e-con e-child\" data-id=\"e1f05d7\" data-element_type=\"container\">\n\t\t<div class=\"elementor-element elementor-element-fd0f362 e-con-full e-flex e-con e-child\" data-id=\"fd0f362\" data-element_type=\"container\">\n\t\t\t\t<div class=\"elementor-element elementor-element-913f191 elementor-widget elementor-widget-image\" data-id=\"913f191\" data-element_type=\"widget\" data-widget_type=\"image.default\">\n\t\t\t\t<div class=\"elementor-widget-container\">\n\t\t\t\t\t\t\t\t\t\t\t\t\t<img decoding=\"async\" width=\"1920\" height=\"1080\" src=\"https:\/\/almasri.se\/wp-content\/uploads\/2024\/12\/Namnlos-design-46.png\" class=\"attachment-full size-full wp-image-1865\" alt=\"\" srcset=\"https:\/\/almasri.se\/wp-content\/uploads\/2024\/12\/Namnlos-design-46.png 1920w, https:\/\/almasri.se\/wp-content\/uploads\/2024\/12\/Namnlos-design-46-300x169.png 300w, https:\/\/almasri.se\/wp-content\/uploads\/2024\/12\/Namnlos-design-46-1024x576.png 1024w, https:\/\/almasri.se\/wp-content\/uploads\/2024\/12\/Namnlos-design-46-768x432.png 768w, https:\/\/almasri.se\/wp-content\/uploads\/2024\/12\/Namnlos-design-46-1536x864.png 1536w, https:\/\/almasri.se\/wp-content\/uploads\/2024\/12\/Namnlos-design-46-18x10.png 18w\" sizes=\"(max-width: 1920px) 100vw, 1920px\" \/>\t\t\t\t\t\t\t\t\t\t\t\t\t<\/div>\n\t\t\t\t<\/div>\n\t\t\t\t<\/div>\n\t\t<div class=\"elementor-element elementor-element-096f26c e-con-full e-flex e-con e-child\" data-id=\"096f26c\" data-element_type=\"container\">\n\t\t\t\t<div class=\"elementor-element elementor-element-86102a3 elementor-vertical-align-middle elementor-widget elementor-widget-image-box\" data-id=\"86102a3\" data-element_type=\"widget\" data-widget_type=\"image-box.default\">\n\t\t\t\t<div class=\"elementor-widget-container\">\n\t\t\t<div class=\"elementor-image-box-wrapper\"><div class=\"elementor-image-box-content\"><h3 class=\"elementor-image-box-title\">\u0623\u0646\u0634\u0626 \u0639\u0644\u0627\u0645\u062a\u0643 \u0627\u0644\u062a\u062c\u0627\u0631\u064a\u0629 \u0627\u0644\u062e\u0627\u0635\u0629<\/h3><p class=\"elementor-image-box-description\">\u0647\u0644 \u062a\u0631\u063a\u0628 \u0641\u064a \u0625\u0646\u0634\u0627\u0621 \u0639\u0644\u0627\u0645\u062a\u0643 \u0627\u0644\u062a\u062c\u0627\u0631\u064a\u0629 \u0627\u0644\u062e\u0627\u0635\u0629\u061f \u0646\u062d\u0646 \u0646\u062d\u0648\u0644 \u0623\u062d\u0644\u0627\u0645\u0643 \u0625\u0644\u0649 \u062d\u0642\u064a\u0642\u0629 \u0645\u0646 \u062e\u0644\u0627\u0644 \u0645\u0646\u062a\u062c\u0627\u062a \u0639\u0627\u0644\u064a\u0629 \u0627\u0644\u062c\u0648\u062f\u0629 \u0648\u0639\u0645\u0644\u064a\u0629 \u0627\u062d\u062a\u0631\u0627\u0641\u064a\u0629. \u0633\u0648\u0627\u0621 \u0643\u0646\u062a \u062a\u0639\u0645\u0644 \u0641\u064a \u0645\u062c\u0627\u0644 \u0627\u0644\u062a\u062c\u0645\u064a\u0644\u060c \u0627\u0644\u0645\u0644\u0627\u0628\u0633\u060c \u0627\u0644\u062a\u063a\u0644\u064a\u0641\u060c \u0627\u0644\u0623\u063a\u0630\u064a\u0629\u060c \u0623\u0648 \u0623\u064a \u0645\u062c\u0627\u0644 \u0622\u062e\u0631\u060c \u0646\u062d\u0646 \u0647\u0646\u0627 \u0644\u0645\u0633\u0627\u0639\u062f\u062a\u0643 \u0639\u0644\u0649 \u062a\u0635\u0645\u064a\u0645 \u0639\u0644\u0627\u0645\u062a\u0643 \u0627\u0644\u062a\u062c\u0627\u0631\u064a\u0629 \u0645\u0646 \u0627\u0644\u0623\u0644\u0641 \u0625\u0644\u0649 \u0627\u0644\u064a\u0627\u0621. \u0646\u0642\u0648\u0645 \u0628\u0625\u062f\u0627\u0631\u0629 \u062a\u0635\u0645\u064a\u0645 \u0627\u0644\u0634\u0639\u0627\u0631\u060c \u0627\u0644\u062a\u063a\u0644\u064a\u0641\u060c \u0648\u0639\u0645\u0644\u064a\u0629 \u0627\u0644\u0625\u0646\u062a\u0627\u062c \u0644\u0636\u0645\u0627\u0646 \u062a\u062d\u0642\u064a\u0642 \u0627\u0644\u0643\u0645\u0627\u0644 \u0641\u064a \u0643\u0644 \u062c\u0627\u0646\u0628. \u0623\u0646\u0634\u0626 \u0639\u0644\u0627\u0645\u062a\u0643 \u0627\u0644\u062a\u062c\u0627\u0631\u064a\u0629 \u0648\u0643\u0646 \u0645\u0645\u064a\u0632\u064b\u0627 \u0641\u064a \u0645\u062c\u0627\u0644\u0643!<\/p><\/div><\/div>\t\t<\/div>\n\t\t\t\t<\/div>\n\t\t\t\t<\/div>\n\t\t\t\t<\/div>\n\t\t<div class=\"elementor-element elementor-element-9dbfb22 e-con-full e-flex e-con e-child\" data-id=\"9dbfb22\" data-element_type=\"container\">\n\t\t<div class=\"elementor-element elementor-element-bc8ff94 e-con-full e-flex e-con e-child\" data-id=\"bc8ff94\" data-element_type=\"container\">\n\t\t\t\t<div class=\"elementor-element elementor-element-3769862 elementor-vertical-align-middle elementor-widget elementor-widget-image-box\" data-id=\"3769862\" data-element_type=\"widget\" data-widget_type=\"image-box.default\">\n\t\t\t\t<div class=\"elementor-widget-container\">\n\t\t\t<div class=\"elementor-image-box-wrapper\"><div class=\"elementor-image-box-content\"><h3 class=\"elementor-image-box-title\">\u0646\u062d\u0646 \u0646\u062f\u064a\u0631 \u0627\u0644\u0639\u0645\u0644\u064a\u0629 \u0628\u0627\u0644\u0643\u0627\u0645\u0644 \u0646\u064a\u0627\u0628\u0629 \u0639\u0646\u0643<\/h3><p class=\"elementor-image-box-description\"><br>\n\u0643\u0644 \u0645\u0627 \u0639\u0644\u064a\u0643 \u0641\u0639\u0644\u0647 \u0647\u0648 \u0625\u062e\u0628\u0627\u0631\u0646\u0627 \u0628\u0645\u0627 \u062a\u0628\u062d\u062b \u0639\u0646\u0647 \u0628\u0627\u0644\u0636\u0628\u0637! \u0646\u062d\u0646 \u0646\u062a\u0648\u0644\u0649 \u0627\u0644\u0628\u0627\u0642\u064a. \u0646\u062a\u0648\u0627\u0635\u0644 \u0645\u0639 \u0627\u0644\u0645\u0635\u0646\u0639\u060c \u0646\u062a\u0641\u0642 \u0645\u0639\u0647\u0645 \u0639\u0644\u0649 \u0643\u0644 \u0627\u0644\u062a\u0641\u0627\u0635\u064a\u0644\u060c \u0648\u0646\u062a\u0627\u0628\u0639 \u0627\u0644\u0639\u0645\u0644\u064a\u0629 \u062e\u0637\u0648\u0629 \u0628\u062e\u0637\u0648\u0629. \u0645\u0646 \u0644\u062d\u0638\u0629 \u062a\u0642\u062f\u064a\u0645 \u0637\u0644\u0628\u0643 \u0625\u0644\u0649 \u062d\u064a\u0646 \u0627\u0633\u062a\u0644\u0627\u0645\u0647 \u0641\u064a \u0627\u0644\u0645\u0643\u0627\u0646 \u0627\u0644\u0630\u064a \u062a\u0631\u064a\u062f\u0647\u060c \u0646\u0642\u0648\u0645 \u0628\u0625\u062f\u0627\u0631\u0629 \u0643\u0644 \u0634\u064a\u0621 \u0644\u0636\u0645\u0627\u0646 \u0623\u0646 \u064a\u0635\u0644 \u0637\u0644\u0628\u0643 \u0628\u0623\u0645\u0627\u0646 \u0648\u0633\u0644\u0627\u0633\u0629. \u0643\u0644 \u0645\u0627 \u0639\u0644\u064a\u0643 \u0641\u0639\u0644\u0647 \u0647\u0648 \u0627\u0644\u0627\u0633\u062a\u0645\u062a\u0627\u0639 \u0628\u0627\u0644\u0646\u062a\u064a\u062c\u0629! <\/p><\/div><\/div>\t\t<\/div>\n\t\t\t\t<\/div>\n\t\t\t\t<\/div>\n\t\t<div class=\"elementor-element elementor-element-8a729c0 e-con-full e-flex e-con e-child\" data-id=\"8a729c0\" data-element_type=\"container\">\n\t\t\t\t<div class=\"elementor-element elementor-element-9e490c4 elementor-widget elementor-widget-image\" data-id=\"9e490c4\" data-element_type=\"widget\" data-widget_type=\"image.default\">\n\t\t\t\t<div class=\"elementor-widget-container\">\n\t\t\t\t\t\t\t\t\t\t\t\t\t<img decoding=\"async\" width=\"1920\" height=\"1080\" src=\"https:\/\/almasri.se\/wp-content\/uploads\/2024\/12\/Namnlos-design-47.png\" class=\"attachment-full size-full wp-image-1864\" alt=\"\" srcset=\"https:\/\/almasri.se\/wp-content\/uploads\/2024\/12\/Namnlos-design-47.png 1920w, https:\/\/almasri.se\/wp-content\/uploads\/2024\/12\/Namnlos-design-47-300x169.png 300w, https:\/\/almasri.se\/wp-content\/uploads\/2024\/12\/Namnlos-design-47-1024x576.png 1024w, https:\/\/almasri.se\/wp-content\/uploads\/2024\/12\/Namnlos-design-47-768x432.png 768w, https:\/\/almasri.se\/wp-content\/uploads\/2024\/12\/Namnlos-design-47-1536x864.png 1536w, https:\/\/almasri.se\/wp-content\/uploads\/2024\/12\/Namnlos-design-47-18x10.png 18w\" sizes=\"(max-width: 1920px) 100vw, 1920px\" \/>\t\t\t\t\t\t\t\t\t\t\t\t\t<\/div>\n\t\t\t\t<\/div>\n\t\t\t\t<\/div>\n\t\t\t\t<\/div>\n\t\t\t\t<\/div>\n\t\t\t\t\t<\/div>\n\t\t\t\t<\/div>\n\t\t\t\t<\/div>","protected":false},"excerpt":{"rendered":"<p>Ticari Hizmetler Fabrik ve \u0130\u015fletmelerle \u0130leti\u015fim Uzun y\u0131llard\u0131r bir\u00e7ok sekt\u00f6rle kurdu\u011fumuz g\u00fc\u00e7l\u00fc i\u015f birlikleri sayesinde, sizi sekt\u00f6r\u00fcn\u00fczdeki en iyi \u015firketlerle bulu\u015fturuyoruz. \u0130ster kozmetik, tekstil, plastik, g\u0131da veya ba\u015fka bir alanda olsun, g\u00fcvenilir ve kaliteli \u00fcreticilerle \u00e7al\u0131\u015fman\u0131z\u0131 sa\u011fl\u0131yoruz. Bu sayede \u00fcr\u00fcnlerinizi en uygun fiyatlarla tedarik edebilir, i\u015finizi b\u00fcy\u00fctmek i\u00e7in do\u011fru ad\u0131mlar\u0131 atabilirsiniz. Bizimle \u00e7al\u0131\u015farak, sekt\u00f6r\u00fcn en [&hellip;]<\/p>","protected":false},"author":1,"featured_media":0,"parent":0,"menu_order":0,"comment_status":"closed","ping_status":"closed","template":"","meta":{"om_disable_all_campaigns":false,"_monsterinsights_skip_tracking":false,"_monsterinsights_sitenote_active":false,"_monsterinsights_sitenote_note":"","_monsterinsights_sitenote_category":0,"site-sidebar-layout":"no-sidebar","site-content-layout":"page-builder","ast-site-content-layout":"full-width-container","site-content-style":"default","site-sidebar-style":"default","ast-global-header-display":"","ast-banner-title-visibility":"","ast-main-header-display":"","ast-hfb-above-header-display":"","ast-hfb-below-header-display":"","ast-hfb-mobile-header-display":"","site-post-title":"disabled","ast-breadcrumbs-content":"","ast-featured-img":"disabled","footer-sml-layout":"","theme-transparent-header-meta":"","adv-header-id-meta":"","stick-header-meta":"","header-above-stick-meta":"","header-main-stick-meta":"","header-below-stick-meta":"","astra-migrate-meta-layouts":"set","ast-page-background-enabled":"default","ast-page-background-meta":{"desktop":{"background-color":"","background-image":"","background-repeat":"repeat","background-position":"center center","background-size":"auto","background-attachment":"scroll","background-type":"","background-media":"","overlay-type":"","overlay-color":"","overlay-opacity":"","overlay-gradient":""},"tablet":{"background-color":"","background-image":"","background-repeat":"repeat","background-position":"center center","background-size":"auto","background-attachment":"scroll","background-type":"","background-media":"","overlay-type":"","overlay-color":"","overlay-opacity":"","overlay-gradient":""},"mobile":{"background-color":"","background-image":"","background-repeat":"repeat","background-position":"center center","background-size":"auto","background-attachment":"scroll","background-type":"","background-media":"","overlay-type":"","overlay-color":"","overlay-opacity":"","overlay-gradient":""}},"ast-content-background-meta":{"desktop":{"background-color":"var(--ast-global-color-5)","background-image":"","background-repeat":"repeat","background-position":"center center","background-size":"auto","background-attachment":"scroll","background-type":"","background-media":"","overlay-type":"","overlay-color":"","overlay-opacity":"","overlay-gradient":""},"tablet":{"background-color":"var(--ast-global-color-5)","background-image":"","background-repeat":"repeat","background-position":"center center","background-size":"auto","background-attachment":"scroll","background-type":"","background-media":"","overlay-type":"","overlay-color":"","overlay-opacity":"","overlay-gradient":""},"mobile":{"background-color":"var(--ast-global-color-5)","background-image":"","background-repeat":"repeat","background-position":"center center","background-size":"auto","background-attachment":"scroll","background-type":"","background-media":"","overlay-type":"","overlay-color":"","overlay-opacity":"","overlay-gradient":""}},"footnotes":""},"aioseo_notices":[],"_links":{"self":[{"href":"https:\/\/almasri.se\/ar\/wp-json\/wp\/v2\/pages\/1849"}],"collection":[{"href":"https:\/\/almasri.se\/ar\/wp-json\/wp\/v2\/pages"}],"about":[{"href":"https:\/\/almasri.se\/ar\/wp-json\/wp\/v2\/types\/page"}],"author":[{"embeddable":true,"href":"https:\/\/almasri.se\/ar\/wp-json\/wp\/v2\/users\/1"}],"replies":[{"embeddable":true,"href":"https:\/\/almasri.se\/ar\/wp-json\/wp\/v2\/comments?post=1849"}],"version-history":[{"count":7,"href":"https:\/\/almasri.se\/ar\/wp-json\/wp\/v2\/pages\/1849\/revisions"}],"predecessor-version":[{"id":1868,"href":"https:\/\/almasri.se\/ar\/wp-json\/wp\/v2\/pages\/1849\/revisions\/1868"}],"wp:attachment":[{"href":"https:\/\/almasri.se\/ar\/wp-json\/wp\/v2\/media?parent=1849"}],"curies":[{"name":"wp","href":"https:\/\/api.w.org\/{rel}","templated":true}]}}